{"id":829,"date":"2025-08-26T14:00:39","date_gmt":"2025-08-26T12:00:39","guid":{"rendered":"https:\/\/thats-clear.eu\/blog\/"},"modified":"2025-10-08T10:39:30","modified_gmt":"2025-10-08T08:39:30","slug":"blog","status":"publish","type":"page","link":"https:\/\/thats-clear.eu\/de\/blog\/","title":{"rendered":"Blog"},"content":{"rendered":"<p>[et_pb_section fb_built=&#8220;1&#8243; _builder_version=&#8220;4.27.4&#8243; _module_preset=&#8220;default&#8220; global_colors_info=&#8220;{}&#8220;][et_pb_row _builder_version=&#8220;4.27.4&#8243; _module_preset=&#8220;default&#8220; global_colors_info=&#8220;{}&#8220;][et_pb_column type=&#8220;4_4&#8243; _builder_version=&#8220;4.27.4&#8243; _module_preset=&#8220;default&#8220; global_colors_info=&#8220;{}&#8220;][et_pb_post_title _builder_version=&#8220;4.27.4&#8243; _module_preset=&#8220;default&#8220; hover_enabled=&#8220;0&#8243; sticky_enabled=&#8220;0&#8243;][\/et_pb_post_title][et_pb_code _builder_version=&#8220;4.27.4&#8243; _module_preset=&#8220;default&#8220; global_colors_info=&#8220;{}&#8220;]\n<!-- Gridbuilder \u1d42\u1d3e Plugin (https:\/\/wpgridbuilder.com) -->\n<div class=\"wp-grid-builder wpgb-grid-2\" data-options=\"{&quot;id&quot;:2,&quot;type&quot;:&quot;masonry&quot;,&quot;source&quot;:&quot;post_type&quot;,&quot;loader&quot;:false,&quot;layout&quot;:&quot;vertical&quot;,&quot;reveal&quot;:0,&quot;isMainQuery&quot;:0,&quot;lazyLoad&quot;:false,&quot;cardSizes&quot;:{&quot;1280&quot;:{&quot;columns&quot;:3,&quot;height&quot;:220,&quot;gutter&quot;:16,&quot;ratio&quot;:&quot;1.33333&quot;},&quot;1024&quot;:{&quot;columns&quot;:2,&quot;height&quot;:200,&quot;gutter&quot;:16,&quot;ratio&quot;:&quot;1.33333&quot;},&quot;640&quot;:{&quot;columns&quot;:1,&quot;height&quot;:200,&quot;gutter&quot;:16,&quot;ratio&quot;:&quot;1.33333&quot;}},&quot;fitRows&quot;:false,&quot;equalRows&quot;:0,&quot;equalColumns&quot;:true,&quot;fillLastRow&quot;:0,&quot;centerLastRow&quot;:0,&quot;horizontalOrder&quot;:false,&quot;fullWidth&quot;:false,&quot;transitionDelay&quot;:100,&quot;gallerySlideshow&quot;:false,&quot;rowsNumber&quot;:1,&quot;slideAlign&quot;:&quot;left&quot;,&quot;groupCells&quot;:1,&quot;draggable&quot;:true,&quot;initialIndex&quot;:0,&quot;contain&quot;:false,&quot;freeScroll&quot;:false,&quot;freeFriction&quot;:&quot;0.075&quot;,&quot;friction&quot;:&quot;0.285&quot;,&quot;attraction&quot;:&quot;0.025&quot;,&quot;autoPlay&quot;:0,&quot;pageDotAriaLabel&quot;:&quot;Page dot&nbsp;%d&quot;,&quot;isPreview&quot;:false,&quot;isGutenberg&quot;:false,&quot;rightToLeft&quot;:false}\"><div class=\"wpgb-svg-icons\" hidden>\n\t\n<svg viewBox=\"0 0 120 24\" width=\"0\" height=\"0\">\n\t<defs>\n        <polygon id=\"wpgb-star-svg\" points=\"12 2.5 15.1 8.8 22 9.8 17 14.6 18.2 21.5 12 18.3 5.8 21.5 7 14.6 2 9.8 8.9 8.8\"><\/polygon>\n    <\/defs>\n    <symbol id=\"wpgb-rating-stars-svg\">\n        <use xlink:href=\"#wpgb-star-svg\"><\/use>\n        <use xlink:href=\"#wpgb-star-svg\" x=\"24\"><\/use>\n        <use xlink:href=\"#wpgb-star-svg\" x=\"48\"><\/use>\n        <use xlink:href=\"#wpgb-star-svg\" x=\"72\"><\/use>\n        <use xlink:href=\"#wpgb-star-svg\" x=\"96\"><\/use>\n    <\/symbol>\n<\/svg>\n<\/div>\n<div class=\"wpgb-wrapper\">\n\t<div class=\"wpgb-main\">\n\t<div class=\"wpgb-layout\">\n\t<div class=\"wpgb-viewport\">\n\t\t<div class=\"wpgb-masonry\">\n\t\t\t<article class=\"wpgb-card wpgb-card-1 wpgb-post-1190\" data-col=\"1\" data-row=\"1\" data-format=\"standard\"><div class=\"wpgb-card-wrapper\"><div class=\"wpgb-card-inner\" data-action><div class=\"wpgb-card-media wpgb-scheme-light\">\n<svg data-ratio style=\"padding-top:66.67%\" viewBox=\"0 0 3 2\" aria-hidden=\"true\"><\/svg>\n<div class=\"wpgb-card-media-thumbnail\"><a href=\"https:\/\/thats-clear.eu\/wp-content\/uploads\/2026\/02\/image.png\" tabindex=\"-1\" class=\"wpgb-handle-lb wpgb-lightbox\" data-type=\"image\" data-rel=\"2\" data-title=\"image\" title=\"Enlarge photo\"><div style=\"background-image:url(https:\/\/thats-clear.eu\/wp-content\/uploads\/2026\/02\/image.png)\"><\/div><noscript><img loading=\"lazy\" decoding=\"async\" class=\"wpgb-noscript-img\" src=\"https:\/\/thats-clear.eu\/wp-content\/uploads\/2026\/02\/image.png\" alt=\"\" height=\"360\" width=\"483\"><\/noscript><\/a><\/div><div class=\"wpgb-card-media-overlay\"><\/div><\/div><div class=\"wpgb-card-content wpgb-scheme-dark\"><div class=\"wpgb-card-body\"><time class=\"wpgb-block-2\" datetime=\"2026-02-18T18:03:20+02:00\">18. Februar 2026<\/time><h3 class=\"wpgb-block-1\">Verbindung ohne Worte \u2013 Inklusive Kommunikation<\/h3><div class=\"wpgb-block-3\">Lesen<\/div><\/div><\/div><a class=\"wpgb-card-layer-link\" aria-label=\"Verbindung ohne Worte \u2013 Inklusive Kommunikation\" href=\"https:\/\/thats-clear.eu\/de\/blog\/verbindung-ohne-worte-inklusive-kommunikation\/\"><\/a><\/div><\/div><\/article><article class=\"wpgb-card wpgb-card-1 wpgb-post-1150\" data-col=\"1\" data-row=\"1\" data-format=\"standard\"><div class=\"wpgb-card-wrapper\"><div class=\"wpgb-card-inner\" data-action><div class=\"wpgb-card-media wpgb-scheme-light\">\n<svg data-ratio style=\"padding-top:66.67%\" viewBox=\"0 0 3 2\" aria-hidden=\"true\"><\/svg>\n<div class=\"wpgb-card-media-thumbnail\"><a href=\"https:\/\/thats-clear.eu\/wp-content\/uploads\/2026\/01\/thats-clear_text-it-easy_meeting-3-1.jpg\" tabindex=\"-1\" class=\"wpgb-handle-lb wpgb-lightbox\" data-type=\"image\" data-rel=\"2\" data-title=\"thats-clear_text-it-easy_meeting-3\" title=\"Enlarge photo\"><div style=\"background-image:url(https:\/\/thats-clear.eu\/wp-content\/uploads\/2026\/01\/thats-clear_text-it-easy_meeting-3-1-768x559.jpg)\"><\/div><noscript><img loading=\"lazy\" decoding=\"async\" class=\"wpgb-noscript-img\" src=\"https:\/\/thats-clear.eu\/wp-content\/uploads\/2026\/01\/thats-clear_text-it-easy_meeting-3-1-768x559.jpg\" alt=\"\" height=\"559\" width=\"768\"><\/noscript><\/a><\/div><div class=\"wpgb-card-media-overlay\"><\/div><\/div><div class=\"wpgb-card-content wpgb-scheme-dark\"><div class=\"wpgb-card-body\"><time class=\"wpgb-block-2\" datetime=\"2026-01-16T11:22:35+02:00\">16. Januar 2026<\/time><h3 class=\"wpgb-block-1\">That\u2019s Clear! partners join the Text it Easy conference in Paris<\/h3><div class=\"wpgb-block-3\">Lesen<\/div><\/div><\/div><a class=\"wpgb-card-layer-link\" aria-label=\"That\u2019s Clear! partners join the Text it Easy conference in Paris\" href=\"https:\/\/thats-clear.eu\/de\/blog\/thats-clear-partners-join-the-text-it-easy-conference-in-paris\/\"><\/a><\/div><\/div><\/article><article class=\"wpgb-card wpgb-card-1 wpgb-post-1167\" data-col=\"1\" data-row=\"1\" data-format=\"standard\"><div class=\"wpgb-card-wrapper\"><div class=\"wpgb-card-inner\" data-action><div class=\"wpgb-card-media wpgb-scheme-light\">\n<svg data-ratio style=\"padding-top:66.67%\" viewBox=\"0 0 3 2\" aria-hidden=\"true\"><\/svg>\n<div class=\"wpgb-card-media-thumbnail\"><a href=\"https:\/\/thats-clear.eu\/wp-content\/uploads\/2026\/02\/girls-park-scaled.jpg\" tabindex=\"-1\" class=\"wpgb-handle-lb wpgb-lightbox\" data-type=\"image\" data-rel=\"2\" data-title=\"M\u00e4dchen im Park\" data-desc=\"Zwei sch\u00f6ne und stilvolle M\u00e4dchen sitzen im herbstlichen Park.\" title=\"Enlarge photo\"><div style=\"background-image:url(https:\/\/thats-clear.eu\/wp-content\/uploads\/2026\/02\/girls-park-768x512.jpg)\"><\/div><noscript><img loading=\"lazy\" decoding=\"async\" class=\"wpgb-noscript-img\" src=\"https:\/\/thats-clear.eu\/wp-content\/uploads\/2026\/02\/girls-park-768x512.jpg\" alt=\"\" height=\"512\" width=\"768\"><\/noscript><\/a><\/div><div class=\"wpgb-card-media-overlay\"><\/div><\/div><div class=\"wpgb-card-content wpgb-scheme-dark\"><div class=\"wpgb-card-body\"><time class=\"wpgb-block-2\" datetime=\"2025-11-20T17:51:45+02:00\">20. November 2025<\/time><h3 class=\"wpgb-block-1\">Was die Generation Z von der Kommunikation erwartet und warum Institutionen Schwierigkeiten haben, dies zu erf\u00fcllen<\/h3><div class=\"wpgb-block-3\">Lesen<\/div><\/div><\/div><a class=\"wpgb-card-layer-link\" aria-label=\"Was die Generation Z von der Kommunikation erwartet und warum Institutionen Schwierigkeiten haben, dies zu erf\u00fcllen\" href=\"https:\/\/thats-clear.eu\/de\/blog\/was-die-generation-z-von-der-kommunikation-erwartet-und-warum-institutionen-schwierigkeiten-haben-dies-zu-erfuellen\/\"><\/a><\/div><\/div><\/article><article class=\"wpgb-card wpgb-card-1 wpgb-post-1302\" data-col=\"1\" data-row=\"1\" data-format=\"standard\"><div class=\"wpgb-card-wrapper\"><div class=\"wpgb-card-inner\" data-action><div class=\"wpgb-card-media wpgb-scheme-light\">\n<svg data-ratio style=\"padding-top:66.67%\" viewBox=\"0 0 3 2\" aria-hidden=\"true\"><\/svg>\n<div class=\"wpgb-card-media-thumbnail\"><a href=\"https:\/\/thats-clear.eu\/wp-content\/uploads\/2025\/10\/sciara-progetti-2023.jpg\" tabindex=\"-1\" class=\"wpgb-handle-lb wpgb-lightbox\" data-type=\"image\" data-rel=\"2\" data-title=\"sciara progetti 2023\" title=\"Enlarge photo\"><div style=\"background-image:url(https:\/\/thats-clear.eu\/wp-content\/uploads\/2025\/10\/sciara-progetti-2023-768x515.jpg)\"><\/div><noscript><img loading=\"lazy\" decoding=\"async\" class=\"wpgb-noscript-img\" src=\"https:\/\/thats-clear.eu\/wp-content\/uploads\/2025\/10\/sciara-progetti-2023-768x515.jpg\" alt=\"\" height=\"515\" width=\"768\"><\/noscript><\/a><\/div><div class=\"wpgb-card-media-overlay\"><\/div><\/div><div class=\"wpgb-card-content wpgb-scheme-dark\"><div class=\"wpgb-card-body\"><time class=\"wpgb-block-2\" datetime=\"2025-10-08T18:43:42+02:00\">8. Oktober 2025<\/time><h3 class=\"wpgb-block-1\">Die B\u00fchne der Inklusion: Wie uns das Theater lehrt, klar zu kommunizieren<\/h3><div class=\"wpgb-block-3\">Lesen<\/div><\/div><\/div><a class=\"wpgb-card-layer-link\" aria-label=\"Die B\u00fchne der Inklusion: Wie uns das Theater lehrt, klar zu kommunizieren\" href=\"https:\/\/thats-clear.eu\/de\/blog\/die-buehne-der-inklusion-wie-uns-das-theater-lehrt-klar-zu-kommunizieren\/\"><\/a><\/div><\/div><\/article><article class=\"wpgb-card wpgb-card-1 wpgb-post-1283\" data-col=\"1\" data-row=\"1\" data-format=\"standard\"><div class=\"wpgb-card-wrapper\"><div class=\"wpgb-card-inner\" data-action><div class=\"wpgb-card-media wpgb-scheme-light\">\n<svg data-ratio style=\"padding-top:66.67%\" viewBox=\"0 0 3 2\" aria-hidden=\"true\"><\/svg>\n<div class=\"wpgb-card-media-thumbnail\"><a href=\"https:\/\/thats-clear.eu\/wp-content\/uploads\/2025\/10\/Illus-Thats-clear.jpg\" tabindex=\"-1\" class=\"wpgb-handle-lb wpgb-lightbox\" data-type=\"image\" data-rel=\"2\" data-title=\"Illus Thats clear\" title=\"Enlarge photo\"><div style=\"background-image:url(https:\/\/thats-clear.eu\/wp-content\/uploads\/2025\/10\/Illus-Thats-clear-768x512.jpg)\"><\/div><noscript><img loading=\"lazy\" decoding=\"async\" class=\"wpgb-noscript-img\" src=\"https:\/\/thats-clear.eu\/wp-content\/uploads\/2025\/10\/Illus-Thats-clear-768x512.jpg\" alt=\"\" height=\"512\" width=\"768\"><\/noscript><\/a><\/div><div class=\"wpgb-card-media-overlay\"><\/div><\/div><div class=\"wpgb-card-content wpgb-scheme-dark\"><div class=\"wpgb-card-body\"><time class=\"wpgb-block-2\" datetime=\"2025-09-26T18:34:30+02:00\">26. September 2025<\/time><h3 class=\"wpgb-block-1\">Unterst\u00fctzungsleistungen f\u00fcr Sch\u00fcler:innen mit Behinderungen: Chancengleichheit im Bildungssystem mit einem Beispiel zum Thema Kommunikation im Schulalltag<\/h3><div class=\"wpgb-block-3\">Lesen<\/div><\/div><\/div><a class=\"wpgb-card-layer-link\" aria-label=\"Unterst\u00fctzungsleistungen f\u00fcr Sch\u00fcler:innen mit Behinderungen: Chancengleichheit im Bildungssystem mit einem Beispiel zum Thema Kommunikation im Schulalltag\" href=\"https:\/\/thats-clear.eu\/de\/blog\/unterstuetzungsleistungen-fuer-schuelerinnen-mit-behinderungen-chancengleichheit-im-bildungssystem-mit-einem-beispiel-zum-thema-kommunikation-im-schulalltag\/\"><\/a><\/div><\/div><\/article><article class=\"wpgb-card wpgb-card-1 wpgb-post-1273\" data-col=\"1\" data-row=\"1\" data-format=\"standard\"><div class=\"wpgb-card-wrapper\"><div class=\"wpgb-card-inner\" data-action><div class=\"wpgb-card-media wpgb-scheme-light\">\n<svg data-ratio style=\"padding-top:66.67%\" viewBox=\"0 0 3 2\" aria-hidden=\"true\"><\/svg>\n<div class=\"wpgb-card-media-thumbnail\"><a href=\"https:\/\/thats-clear.eu\/wp-content\/uploads\/2025\/10\/image1.jpeg\" tabindex=\"-1\" class=\"wpgb-handle-lb wpgb-lightbox\" data-type=\"image\" data-rel=\"2\" data-title=\"image1\" title=\"Enlarge photo\"><div style=\"background-image:url(https:\/\/thats-clear.eu\/wp-content\/uploads\/2025\/10\/image1-768x512.jpeg)\"><\/div><noscript><img loading=\"lazy\" decoding=\"async\" class=\"wpgb-noscript-img\" src=\"https:\/\/thats-clear.eu\/wp-content\/uploads\/2025\/10\/image1-768x512.jpeg\" alt=\"\" height=\"512\" width=\"768\"><\/noscript><\/a><\/div><div class=\"wpgb-card-media-overlay\"><\/div><\/div><div class=\"wpgb-card-content wpgb-scheme-dark\"><div class=\"wpgb-card-body\"><time class=\"wpgb-block-2\" datetime=\"2025-07-01T17:41:01+02:00\">1. Juli 2025<\/time><h3 class=\"wpgb-block-1\">So sprechen, dass alle zuh\u00f6ren: Klare Sprache und die MindGen-Reise<\/h3><div class=\"wpgb-block-3\">Lesen<\/div><\/div><\/div><a class=\"wpgb-card-layer-link\" aria-label=\"So sprechen, dass alle zuh\u00f6ren: Klare Sprache und die MindGen-Reise\" href=\"https:\/\/thats-clear.eu\/de\/blog\/so-sprechen-dass-alle-zuhoeren-klare-sprache-und-die-mindgen-reise\/\"><\/a><\/div><\/div><\/article><article class=\"wpgb-card wpgb-card-1 wpgb-post-1258\" data-col=\"1\" data-row=\"1\" data-format=\"standard\"><div class=\"wpgb-card-wrapper\"><div class=\"wpgb-card-inner\" data-action><div class=\"wpgb-card-media wpgb-scheme-light\">\n<svg data-ratio style=\"padding-top:66.67%\" viewBox=\"0 0 3 2\" aria-hidden=\"true\"><\/svg>\n<div class=\"wpgb-card-media-thumbnail\"><a href=\"https:\/\/thats-clear.eu\/wp-content\/uploads\/2025\/08\/a-person-writting-the-alphabet-on-a-sheet-of-paper.jpeg\" tabindex=\"-1\" class=\"wpgb-handle-lb wpgb-lightbox\" data-type=\"image\" data-rel=\"2\" data-title=\"Photo by Kit (formerly ConvertKit) on Unsplash\" data-desc=\"Photo by Kit (formerly ConvertKit) on Unsplash \" title=\"Enlarge photo\"><div style=\"background-image:url(https:\/\/thats-clear.eu\/wp-content\/uploads\/2025\/08\/a-person-writting-the-alphabet-on-a-sheet-of-paper-768x512.jpeg)\"><\/div><noscript><img loading=\"lazy\" decoding=\"async\" class=\"wpgb-noscript-img\" src=\"https:\/\/thats-clear.eu\/wp-content\/uploads\/2025\/08\/a-person-writting-the-alphabet-on-a-sheet-of-paper-768x512.jpeg\" alt=\"A person writing the alphabet on a sheet of paper\" height=\"512\" width=\"768\"><\/noscript><\/a><\/div><div class=\"wpgb-card-media-overlay\"><\/div><\/div><div class=\"wpgb-card-content wpgb-scheme-dark\"><div class=\"wpgb-card-body\"><time class=\"wpgb-block-2\" datetime=\"2025-05-16T14:53:00+02:00\">16. Mai 2025<\/time><h3 class=\"wpgb-block-1\">Von der Bank auf der Stra\u00dfe \u2013 Eine Kurze Geschichte der einfachen Sprache<\/h3><div class=\"wpgb-block-3\">Lesen<\/div><\/div><\/div><a class=\"wpgb-card-layer-link\" aria-label=\"Von der Bank auf der Stra\u00dfe \u2013 Eine Kurze Geschichte der einfachen Sprache\" href=\"https:\/\/thats-clear.eu\/de\/blog\/von-der-bank-auf-der-strasse-eine-kurze-geschichte-der-einfachen-sprache\/\"><\/a><\/div><\/div><\/article><article class=\"wpgb-card wpgb-card-1 wpgb-post-1244\" data-col=\"1\" data-row=\"1\" data-format=\"standard\"><div class=\"wpgb-card-wrapper\"><div class=\"wpgb-card-inner\" data-action><div class=\"wpgb-card-content wpgb-scheme-dark\"><div class=\"wpgb-card-body\"><time class=\"wpgb-block-2\" datetime=\"2025-03-28T15:17:00+02:00\">28. M\u00e4rz 2025<\/time><h3 class=\"wpgb-block-1\">Klare Sprache: F\u00f6rderung der Inklusion junger Menschen in Europa<\/h3><div class=\"wpgb-block-3\">Lesen<\/div><\/div><\/div><a class=\"wpgb-card-layer-link\" aria-label=\"Klare Sprache: F\u00f6rderung der Inklusion junger Menschen in Europa\" href=\"https:\/\/thats-clear.eu\/de\/blog\/klare-sprache-foerderung-der-inklusion-junger-menschen-in-europa\/\"><\/a><\/div><\/div><\/article>\t\t<\/div>\n\t<\/div>\n\t<\/div>\n\t<\/div>\n\t\t<\/div>\n<\/div>\n[\/et_pb_code][\/et_pb_column][\/et_pb_row][\/et_pb_section]<\/p>","protected":false},"excerpt":{"rendered":"<p>[et_pb_section fb_built=&#8220;1&#8243; _builder_version=&#8220;4.27.4&#8243; _module_preset=&#8220;default&#8220; global_colors_info=&#8220;{}&#8220;][et_pb_row _builder_version=&#8220;4.27.4&#8243; _module_preset=&#8220;default&#8220; global_colors_info=&#8220;{}&#8220;][et_pb_column type=&#8220;4_4&#8243; _builder_version=&#8220;4.27.4&#8243; _module_preset=&#8220;default&#8220; global_colors_info=&#8220;{}&#8220;][et_pb_post_title _builder_version=&#8220;4.27.4&#8243; _module_preset=&#8220;default&#8220; hover_enabled=&#8220;0&#8243; sticky_enabled=&#8220;0&#8243;][\/et_pb_post_title][et_pb_code _builder_version=&#8220;4.27.4&#8243; _module_preset=&#8220;default&#8220; global_colors_info=&#8220;{}&#8220;][\/et_pb_code][\/et_pb_column][\/et_pb_row][\/et_pb_section]<\/p>","protected":false},"author":1,"featured_media":0,"parent":0,"menu_order":0,"comment_status":"closed","ping_status":"closed","template":"","meta":{"_et_pb_use_builder":"on","_et_pb_old_content":"","_et_gb_content_width":"","footnotes":""},"class_list":["post-829","page","type-page","status-publish","hentry"],"_links":{"self":[{"href":"https:\/\/thats-clear.eu\/de\/wp-json\/wp\/v2\/pages\/829","targetHints":{"allow":["GET"]}}],"collection":[{"href":"https:\/\/thats-clear.eu\/de\/wp-json\/wp\/v2\/pages"}],"about":[{"href":"https:\/\/thats-clear.eu\/de\/wp-json\/wp\/v2\/types\/page"}],"author":[{"embeddable":true,"href":"https:\/\/thats-clear.eu\/de\/wp-json\/wp\/v2\/users\/1"}],"replies":[{"embeddable":true,"href":"https:\/\/thats-clear.eu\/de\/wp-json\/wp\/v2\/comments?post=829"}],"version-history":[{"count":1,"href":"https:\/\/thats-clear.eu\/de\/wp-json\/wp\/v2\/pages\/829\/revisions"}],"predecessor-version":[{"id":830,"href":"https:\/\/thats-clear.eu\/de\/wp-json\/wp\/v2\/pages\/829\/revisions\/830"}],"wp:attachment":[{"href":"https:\/\/thats-clear.eu\/de\/wp-json\/wp\/v2\/media?parent=829"}],"curies":[{"name":"wp","href":"https:\/\/api.w.org\/{rel}","templated":true}]}}