{"id":864,"date":"2025-08-25T15:03:39","date_gmt":"2025-08-25T13:03:39","guid":{"rendered":"https:\/\/thats-clear.eu\/a-propos\/"},"modified":"2026-02-19T13:35:02","modified_gmt":"2026-02-19T11:35:02","slug":"a-propos","status":"publish","type":"page","link":"https:\/\/thats-clear.eu\/fr\/a-propos\/","title":{"rendered":"\u00c0 propos"},"content":{"rendered":"<p>[et_pb_section fb_built=\u00a0\u00bb1&Prime; _builder_version=\u00a0\u00bb4.27.4&Prime; _module_preset=\u00a0\u00bbdefault\u00a0\u00bb global_colors_info=\u00a0\u00bb{}\u00a0\u00bb][et_pb_row _builder_version=\u00a0\u00bb4.27.4&Prime; _module_preset=\u00a0\u00bbdefault\u00a0\u00bb custom_padding=\u00a0\u00bb||5%||false|false\u00a0\u00bb border_width_bottom=\u00a0\u00bb1px\u00a0\u00bb border_color_bottom=\u00a0\u00bb#162430&Prime; global_colors_info=\u00a0\u00bb{}\u00a0\u00bb][et_pb_column type=\u00a0\u00bb4_4&Prime; _builder_version=\u00a0\u00bb4.27.4&Prime; _module_preset=\u00a0\u00bbdefault\u00a0\u00bb global_colors_info=\u00a0\u00bb{}\u00a0\u00bb][et_pb_post_title _builder_version=\u00a0\u00bb4.27.4&Prime; _module_preset=\u00a0\u00bbdefault\u00a0\u00bb title_font_size=\u00a0\u00bb6rem\u00a0\u00bb title_font_size_tablet=\u00a0\u00bb5rem\u00a0\u00bb global_colors_info=\u00a0\u00bb{}\u00a0\u00bb][\/et_pb_post_title][et_pb_text module_class=\u00a0\u00bbfirst-paragraph-bigger\u00a0\u00bb _builder_version=\u00a0\u00bb4.27.5&Prime; _module_preset=\u00a0\u00bb66df544d-8f50-4469-b6ab-e176089b60ae\u00a0\u00bb max_width=\u00a0\u00bb1000px\u00a0\u00bb hover_enabled=\u00a0\u00bb0&Prime; global_colors_info=\u00a0\u00bb{}\u00a0\u00bb sticky_enabled=\u00a0\u00bb0&Prime;]<\/p>\n<p>Le projet That&rsquo;s Clear! a pour objectif la promotion d&rsquo;une communication inclusive pour briser les barri\u00e8res auxquelles font face les jeunes marginalis\u00e9s. En formant les animateurs jeunesse \u00e0 l&rsquo;utilisation du langage clair, le projet cherche \u00e0 am\u00e9liorer l&rsquo;acc\u00e8s aux services, augmenter la participation des jeunes et renforcer l&rsquo;\u00e9galit\u00e9 des chances pour tous, conform\u00e9ment aux priorit\u00e9s europ\u00e9ennes en mati\u00e8re d&rsquo;inclusion et de diversit\u00e9. <\/p>\n<p>Le projet mettra en place des ateliers de co-diagnostic avec les jeunes et les animateurs jeunesse, ainsi que des formations au langage clair dispens\u00e9es en pr\u00e9sentiel et en ligne.<br \/>\u00c0 court terme, That&rsquo;s Clear! am\u00e9liorera la compr\u00e9hension et l&rsquo;acc\u00e8s aux services pour les jeunes marginalis\u00e9s gr\u00e2ce \u00e0 des ressources en langage clair. Pour les animateurs jeunesse, la formation renforcera leurs comp\u00e9tences en communication inclusive. \u00c0 long terme, le projet favorisera une meilleure reconnaissance du r\u00f4le des animateurs jeunesse en Europe, rendra les services plus accessibles et inclusifs pour les g\u00e9n\u00e9rations futures, et contribuera \u00e0 l&rsquo;engagement civique et \u00e0 l&rsquo;autonomie des jeunes.  <\/p>\n<p>That&rsquo;s Clear! r\u00e9pond aux priorit\u00e9s de l&rsquo;UE en mati\u00e8re d&rsquo;inclusion et de diversit\u00e9 en se concentrant sur le langage clair comme solution durable pour une communication accessible. Il implique directement les jeunes en difficult\u00e9 dans des ateliers de co-diagnostic pour s&rsquo;assurer que les outils r\u00e9pondent \u00e0 leurs besoins r\u00e9els, encourageant ainsi leur participation et leur autonomisation. <\/p>\n<p>That&rsquo;s Clear! contribue \u00e9galement \u00e0 la qualit\u00e9 et \u00e0 la reconnaissance du travail aupr\u00e8s des jeunes en offrant des comp\u00e9tences durables et transf\u00e9rables en communication adapt\u00e9es aux groupes marginalis\u00e9s. Les modules de formation seront adapt\u00e9s au format num\u00e9rique interactif, assurant un eplus grande flexibilit\u00e9 et un large acc\u00e8s. <\/p>\n<p>Enfin, le projet proposera des ressources interactives et une bo\u00eete \u00e0 outils num\u00e9rique, avec des propositions d&rsquo;outils pour la clart\u00e9 des textes, la g\u00e9n\u00e9ration d&rsquo;images et l&rsquo;\u00e9valuation de l&rsquo;accessibilit\u00e9. Cette bo\u00eete \u00e0 outils aidera les animateurs jeunesse \u00e0 produire une communication inclusive de qualit\u00e9 dans l&rsquo;ensemble du secteur jeunesse. <\/p>\n<p>[\/et_pb_text][\/et_pb_column][\/et_pb_row][et_pb_row _builder_version=\u00a0\u00bb4.27.4&Prime; _module_preset=\u00a0\u00bbdefault\u00a0\u00bb module_alignment=\u00a0\u00bbcenter\u00a0\u00bb custom_padding=\u00a0\u00bb5%||5%||false|false\u00a0\u00bb border_width_bottom=\u00a0\u00bb1px\u00a0\u00bb border_color_bottom=\u00a0\u00bb#162430&Prime; global_colors_info=\u00a0\u00bb{}\u00a0\u00bb][et_pb_column type=\u00a0\u00bb4_4&Prime; _builder_version=\u00a0\u00bb4.27.4&Prime; _module_preset=\u00a0\u00bbdefault\u00a0\u00bb global_colors_info=\u00a0\u00bb{}\u00a0\u00bb][et_pb_text _builder_version=\u00a0\u00bb4.27.4&Prime; _module_preset=\u00a0\u00bbdefault\u00a0\u00bb header_2_font_size=\u00a0\u00bb4rem\u00a0\u00bb global_colors_info=\u00a0\u00bb{}\u00a0\u00bb]<\/p>\n<h2>Partenaires<\/h2>\n<p>[\/et_pb_text][et_pb_text _builder_version=\u00a0\u00bb4.27.5&Prime; _module_preset=\u00a0\u00bbdefault\u00a0\u00bb max_width=\u00a0\u00bb900px\u00a0\u00bb hover_enabled=\u00a0\u00bb0&Prime; global_colors_info=\u00a0\u00bb{}\u00a0\u00bb sticky_enabled=\u00a0\u00bb0&Prime;]<\/p>\n<p>Le projet est r\u00e9alis\u00e9 par un consortium d&rsquo;organisations ayant une solide expertise en mati\u00e8re d&rsquo;inclusion, de culture, de travail de jeunesse, d&rsquo;alphab\u00e9tisation et d&rsquo;innovation sociale.<\/p>\n<p>[\/et_pb_text][\/et_pb_column][\/et_pb_row][et_pb_row column_structure=\u00a0\u00bb1_4,1_2,1_4&Prime; _builder_version=\u00a0\u00bb4.27.4&Prime; _module_preset=\u00a0\u00bbb456e58c-7797-499f-b216-67e6f1da4a94&Prime; global_colors_info=\u00a0\u00bb{}\u00a0\u00bb][et_pb_column type=\u00a0\u00bb1_4&Prime; _builder_version=\u00a0\u00bb4.27.4&Prime; _module_preset=\u00a0\u00bbdefault\u00a0\u00bb global_colors_info=\u00a0\u00bb{}\u00a0\u00bb][et_pb_image src=\u00a0\u00bbhttps:\/\/thats-clear.eu\/wp-content\/uploads\/2025\/08\/logo-les-apprimeurs.png\u00a0\u00bb alt=\u00a0\u00bbLes apprimeurs\u00a0\u00bb title_text=\u00a0\u00bblogo-les-apprimeurs\u00a0\u00bb align_last_edited=\u00a0\u00bboff|desktop\u00a0\u00bb _builder_version=\u00a0\u00bb4.27.4&Prime; _module_preset=\u00a0\u00bb11f06b24-97a8-4166-a552-db7f524fa851&Prime; global_colors_info=\u00a0\u00bb{}\u00a0\u00bb][\/et_pb_image][\/et_pb_column][et_pb_column type=\u00a0\u00bb1_2&Prime; _builder_version=\u00a0\u00bb4.27.4&Prime; _module_preset=\u00a0\u00bbdefault\u00a0\u00bb global_colors_info=\u00a0\u00bb{}\u00a0\u00bb][et_pb_text _builder_version=\u00a0\u00bb4.27.4&Prime; _module_preset=\u00a0\u00bbdefault\u00a0\u00bb header_3_font_size=\u00a0\u00bb2rem\u00a0\u00bb text_orientation_last_edited=\u00a0\u00bboff|desktop\u00a0\u00bb global_colors_info=\u00a0\u00bb{}\u00a0\u00bb]<\/p>\n<h3>Les apprimeurs<\/h3>\n<p><strong>France<\/strong><\/p>\n<p><strong><\/strong><\/p>\n<p>[\/et_pb_text][\/et_pb_column][et_pb_column type=\u00a0\u00bb1_4&Prime; _builder_version=\u00a0\u00bb4.27.4&Prime; _module_preset=\u00a0\u00bbdefault\u00a0\u00bb global_colors_info=\u00a0\u00bb{}\u00a0\u00bb][et_pb_button button_url=\u00a0\u00bbhttps:\/\/lesapprimeurs.com\/en\/\u00a0\u00bb url_new_window=\u00a0\u00bbon\u00a0\u00bb button_text=\u00a0\u00bbSite web\u00a0\u00bb button_alignment=\u00a0\u00bbcenter\u00a0\u00bb button_alignment_last_edited=\u00a0\u00bboff|desktop\u00a0\u00bb _builder_version=\u00a0\u00bb4.27.4&Prime; _module_preset=\u00a0\u00bb72a2aed3-b3db-4616-afb9-04e08ef3842f\u00a0\u00bb global_colors_info=\u00a0\u00bb{}\u00a0\u00bb][\/et_pb_button][\/et_pb_column][\/et_pb_row][et_pb_row column_structure=\u00a0\u00bb1_4,1_2,1_4&Prime; _builder_version=\u00a0\u00bb4.27.4&Prime; _module_preset=\u00a0\u00bbb456e58c-7797-499f-b216-67e6f1da4a94&Prime; global_colors_info=\u00a0\u00bb{}\u00a0\u00bb][et_pb_column type=\u00a0\u00bb1_4&Prime; _builder_version=\u00a0\u00bb4.27.4&Prime; _module_preset=\u00a0\u00bbdefault\u00a0\u00bb global_colors_info=\u00a0\u00bb{}\u00a0\u00bb][et_pb_image src=\u00a0\u00bbhttps:\/\/thats-clear.eu\/wp-content\/uploads\/2025\/08\/logo-elan.png\u00a0\u00bb alt=\u00a0\u00bbELAN &#8211; European literacy for all network\u00a0\u00bb title_text=\u00a0\u00bblogo-elan\u00a0\u00bb _builder_version=\u00a0\u00bb4.27.4&Prime; _module_preset=\u00a0\u00bb11f06b24-97a8-4166-a552-db7f524fa851&Prime; max_width=\u00a0\u00bb140px\u00a0\u00bb global_colors_info=\u00a0\u00bb{}\u00a0\u00bb][\/et_pb_image][\/et_pb_column][et_pb_column type=\u00a0\u00bb1_2&Prime; _builder_version=\u00a0\u00bb4.27.4&Prime; _module_preset=\u00a0\u00bbdefault\u00a0\u00bb global_colors_info=\u00a0\u00bb{}\u00a0\u00bb][et_pb_text _builder_version=\u00a0\u00bb4.27.4&Prime; _module_preset=\u00a0\u00bbdefault\u00a0\u00bb header_3_font_size=\u00a0\u00bb2rem\u00a0\u00bb global_colors_info=\u00a0\u00bb{}\u00a0\u00bb]<\/p>\n<h3>ELAN &#8211; European literacy for all network<\/h3>\n<p><strong>Belgique<\/strong><\/p>\n<p><strong><\/strong><\/p>\n<p>[\/et_pb_text][\/et_pb_column][et_pb_column type=\u00a0\u00bb1_4&Prime; _builder_version=\u00a0\u00bb4.27.4&Prime; _module_preset=\u00a0\u00bbdefault\u00a0\u00bb global_colors_info=\u00a0\u00bb{}\u00a0\u00bb][et_pb_button button_url=\u00a0\u00bbhttps:\/\/www.ela-network.eu\/\u00a0\u00bb url_new_window=\u00a0\u00bbon\u00a0\u00bb button_text=\u00a0\u00bbSite web\u00a0\u00bb button_alignment=\u00a0\u00bbcenter\u00a0\u00bb _builder_version=\u00a0\u00bb4.27.4&Prime; _module_preset=\u00a0\u00bb72a2aed3-b3db-4616-afb9-04e08ef3842f\u00a0\u00bb global_colors_info=\u00a0\u00bb{}\u00a0\u00bb][\/et_pb_button][\/et_pb_column][\/et_pb_row][et_pb_row column_structure=\u00a0\u00bb1_4,1_2,1_4&Prime; _builder_version=\u00a0\u00bb4.27.4&Prime; _module_preset=\u00a0\u00bbb456e58c-7797-499f-b216-67e6f1da4a94&Prime; global_colors_info=\u00a0\u00bb{}\u00a0\u00bb][et_pb_column type=\u00a0\u00bb1_4&Prime; _builder_version=\u00a0\u00bb4.27.4&Prime; _module_preset=\u00a0\u00bbdefault\u00a0\u00bb global_colors_info=\u00a0\u00bb{}\u00a0\u00bb][et_pb_image src=\u00a0\u00bbhttps:\/\/thats-clear.eu\/wp-content\/uploads\/2025\/08\/logo-lebensgross.png\u00a0\u00bb alt=\u00a0\u00bbLebensGross\u00a0\u00bb title_text=\u00a0\u00bblogo-lebensgross\u00a0\u00bb _builder_version=\u00a0\u00bb4.27.4&Prime; _module_preset=\u00a0\u00bb11f06b24-97a8-4166-a552-db7f524fa851&Prime; global_colors_info=\u00a0\u00bb{}\u00a0\u00bb][\/et_pb_image][\/et_pb_column][et_pb_column type=\u00a0\u00bb1_2&Prime; _builder_version=\u00a0\u00bb4.27.4&Prime; _module_preset=\u00a0\u00bbdefault\u00a0\u00bb global_colors_info=\u00a0\u00bb{}\u00a0\u00bb][et_pb_text _builder_version=\u00a0\u00bb4.27.4&Prime; _module_preset=\u00a0\u00bbdefault\u00a0\u00bb header_3_font_size=\u00a0\u00bb2rem\u00a0\u00bb global_colors_info=\u00a0\u00bb{}\u00a0\u00bb]<\/p>\n<h3>LebensGross<\/h3>\n<p><strong>Autriche<\/strong><\/p>\n<p><strong><\/strong><\/p>\n<p>[\/et_pb_text][\/et_pb_column][et_pb_column type=\u00a0\u00bb1_4&Prime; _builder_version=\u00a0\u00bb4.27.4&Prime; _module_preset=\u00a0\u00bbdefault\u00a0\u00bb global_colors_info=\u00a0\u00bb{}\u00a0\u00bb][et_pb_button button_url=\u00a0\u00bbhttps:\/\/www.lebensgross.at\/en\/\u00a0\u00bb url_new_window=\u00a0\u00bbon\u00a0\u00bb button_text=\u00a0\u00bbSite web\u00a0\u00bb button_alignment=\u00a0\u00bbcenter\u00a0\u00bb _builder_version=\u00a0\u00bb4.27.4&Prime; _module_preset=\u00a0\u00bb72a2aed3-b3db-4616-afb9-04e08ef3842f\u00a0\u00bb global_colors_info=\u00a0\u00bb{}\u00a0\u00bb][\/et_pb_button][\/et_pb_column][\/et_pb_row][et_pb_row column_structure=\u00a0\u00bb1_4,1_2,1_4&Prime; _builder_version=\u00a0\u00bb4.27.4&Prime; _module_preset=\u00a0\u00bbb456e58c-7797-499f-b216-67e6f1da4a94&Prime; global_colors_info=\u00a0\u00bb{}\u00a0\u00bb][et_pb_column type=\u00a0\u00bb1_4&Prime; _builder_version=\u00a0\u00bb4.27.4&Prime; _module_preset=\u00a0\u00bbdefault\u00a0\u00bb global_colors_info=\u00a0\u00bb{}\u00a0\u00bb][et_pb_image src=\u00a0\u00bbhttps:\/\/thats-clear.eu\/wp-content\/uploads\/2025\/08\/logo-sciara-progetti-teatro.png\u00a0\u00bb alt=\u00a0\u00bbSciara progetti teatro\u00a0\u00bb title_text=\u00a0\u00bblogo-sciara-progetti-teatro\u00a0\u00bb _builder_version=\u00a0\u00bb4.27.4&Prime; _module_preset=\u00a0\u00bb11f06b24-97a8-4166-a552-db7f524fa851&Prime; global_colors_info=\u00a0\u00bb{}\u00a0\u00bb][\/et_pb_image][\/et_pb_column][et_pb_column type=\u00a0\u00bb1_2&Prime; _builder_version=\u00a0\u00bb4.27.4&Prime; _module_preset=\u00a0\u00bbdefault\u00a0\u00bb global_colors_info=\u00a0\u00bb{}\u00a0\u00bb][et_pb_text _builder_version=\u00a0\u00bb4.27.4&Prime; _module_preset=\u00a0\u00bbdefault\u00a0\u00bb header_3_font_size=\u00a0\u00bb2rem\u00a0\u00bb global_colors_info=\u00a0\u00bb{}\u00a0\u00bb]<\/p>\n<h3>Sciara progetti teatro<\/h3>\n<p><strong>Italie<\/strong><\/p>\n<p><strong><\/strong><\/p>\n<p>[\/et_pb_text][\/et_pb_column][et_pb_column type=\u00a0\u00bb1_4&Prime; _builder_version=\u00a0\u00bb4.27.4&Prime; _module_preset=\u00a0\u00bbdefault\u00a0\u00bb global_colors_info=\u00a0\u00bb{}\u00a0\u00bb][et_pb_button button_url=\u00a0\u00bbhttps:\/\/www.sciaraprogetti.com\/\u00a0\u00bb url_new_window=\u00a0\u00bbon\u00a0\u00bb button_text=\u00a0\u00bbSite web\u00a0\u00bb button_alignment=\u00a0\u00bbcenter\u00a0\u00bb _builder_version=\u00a0\u00bb4.27.4&Prime; _module_preset=\u00a0\u00bb72a2aed3-b3db-4616-afb9-04e08ef3842f\u00a0\u00bb global_colors_info=\u00a0\u00bb{}\u00a0\u00bb][\/et_pb_button][\/et_pb_column][\/et_pb_row][et_pb_row column_structure=\u00a0\u00bb1_4,1_2,1_4&Prime; _builder_version=\u00a0\u00bb4.27.4&Prime; _module_preset=\u00a0\u00bbb456e58c-7797-499f-b216-67e6f1da4a94&Prime; custom_padding=\u00a0\u00bb50px||0px||false|false\u00a0\u00bb border_width_bottom=\u00a0\u00bb0px\u00a0\u00bb global_colors_info=\u00a0\u00bb{}\u00a0\u00bb][et_pb_column type=\u00a0\u00bb1_4&Prime; _builder_version=\u00a0\u00bb4.27.4&Prime; _module_preset=\u00a0\u00bbdefault\u00a0\u00bb global_colors_info=\u00a0\u00bb{}\u00a0\u00bb][et_pb_image src=\u00a0\u00bbhttps:\/\/thats-clear.eu\/wp-content\/uploads\/2025\/08\/logo-plis.png\u00a0\u00bb alt=\u00a0\u00bbPLIS &#8211; Para La inteligencia social\u00a0\u00bb title_text=\u00a0\u00bblogo-plis\u00a0\u00bb _builder_version=\u00a0\u00bb4.27.4&Prime; _module_preset=\u00a0\u00bb11f06b24-97a8-4166-a552-db7f524fa851&Prime; global_colors_info=\u00a0\u00bb{}\u00a0\u00bb][\/et_pb_image][\/et_pb_column][et_pb_column type=\u00a0\u00bb1_2&Prime; _builder_version=\u00a0\u00bb4.27.4&Prime; _module_preset=\u00a0\u00bbdefault\u00a0\u00bb global_colors_info=\u00a0\u00bb{}\u00a0\u00bb][et_pb_text _builder_version=\u00a0\u00bb4.27.4&Prime; _module_preset=\u00a0\u00bbdefault\u00a0\u00bb header_3_font_size=\u00a0\u00bb2rem\u00a0\u00bb global_colors_info=\u00a0\u00bb{}\u00a0\u00bb]<\/p>\n<h3>PLIS &#8211; Para La inteligencia social<\/h3>\n<p><strong>Espagne<\/strong><\/p>\n<p><strong><\/strong><\/p>\n<p>[\/et_pb_text][\/et_pb_column][et_pb_column type=\u00a0\u00bb1_4&Prime; _builder_version=\u00a0\u00bb4.27.4&Prime; _module_preset=\u00a0\u00bbdefault\u00a0\u00bb global_colors_info=\u00a0\u00bb{}\u00a0\u00bb][et_pb_button button_url=\u00a0\u00bbhttps:\/\/www.asplis.com\/\u00a0\u00bb url_new_window=\u00a0\u00bbon\u00a0\u00bb button_text=\u00a0\u00bbSite web\u00a0\u00bb button_alignment=\u00a0\u00bbcenter\u00a0\u00bb _builder_version=\u00a0\u00bb4.27.4&Prime; _module_preset=\u00a0\u00bb72a2aed3-b3db-4616-afb9-04e08ef3842f\u00a0\u00bb global_colors_info=\u00a0\u00bb{}\u00a0\u00bb][\/et_pb_button][\/et_pb_column][\/et_pb_row][\/et_pb_section]<\/p>","protected":false},"excerpt":{"rendered":"<p>Le projet That&rsquo;s Clear! a pour objectif la promotion d&rsquo;une communication inclusive pour briser les barri\u00e8res auxquelles font face les jeunes marginalis\u00e9s. En formant les animateurs jeunesse \u00e0 l&rsquo;utilisation du langage clair, le projet cherche \u00e0 am\u00e9liorer l&rsquo;acc\u00e8s aux services, augmenter la participation des jeunes et renforcer l&rsquo;\u00e9galit\u00e9 des chances pour tous, conform\u00e9ment aux priorit\u00e9s [&hellip;]<\/p>","protected":false},"author":1,"featured_media":0,"parent":0,"menu_order":0,"comment_status":"closed","ping_status":"closed","template":"","meta":{"_et_pb_use_builder":"on","_et_pb_old_content":"","_et_gb_content_width":"","footnotes":""},"class_list":["post-864","page","type-page","status-publish","hentry"],"_links":{"self":[{"href":"https:\/\/thats-clear.eu\/fr\/wp-json\/wp\/v2\/pages\/864","targetHints":{"allow":["GET"]}}],"collection":[{"href":"https:\/\/thats-clear.eu\/fr\/wp-json\/wp\/v2\/pages"}],"about":[{"href":"https:\/\/thats-clear.eu\/fr\/wp-json\/wp\/v2\/types\/page"}],"author":[{"embeddable":true,"href":"https:\/\/thats-clear.eu\/fr\/wp-json\/wp\/v2\/users\/1"}],"replies":[{"embeddable":true,"href":"https:\/\/thats-clear.eu\/fr\/wp-json\/wp\/v2\/comments?post=864"}],"version-history":[{"count":17,"href":"https:\/\/thats-clear.eu\/fr\/wp-json\/wp\/v2\/pages\/864\/revisions"}],"predecessor-version":[{"id":1241,"href":"https:\/\/thats-clear.eu\/fr\/wp-json\/wp\/v2\/pages\/864\/revisions\/1241"}],"wp:attachment":[{"href":"https:\/\/thats-clear.eu\/fr\/wp-json\/wp\/v2\/media?parent=864"}],"curies":[{"name":"wp","href":"https:\/\/api.w.org\/{rel}","templated":true}]}}